{"id":2,"date":"2023-09-11T20:18:30","date_gmt":"2023-09-11T20:18:30","guid":{"rendered":"https:\/\/kantotila.fi\/?page_id=2"},"modified":"2024-09-11T10:13:04","modified_gmt":"2024-09-11T10:13:04","slug":"sample-page","status":"publish","type":"page","link":"https:\/\/kantotila.fi\/","title":{"rendered":"Kanto-tila"},"content":{"rendered":"\n<div class=\"wp-block-group alignfull has-global-padding is-layout-constrained wp-block-group-is-layout-constrained\" style=\"margin-top:0px;padding-top:var(--wp--preset--spacing--50);padding-bottom:var(--wp--preset--spacing--50)\">\n<figure class=\"wp-block-image aligncenter size-large is-resized\"><img loading=\"lazy\" decoding=\"async\" width=\"1024\" height=\"344\" src=\"https:\/\/kantotila.fi\/wp-content\/uploads\/2023\/09\/kanto-green-1024x344.jpeg\" alt=\"\" class=\"wp-image-30\" style=\"width:300px;height:undefinedpx\" srcset=\"https:\/\/kantotila.fi\/wp-content\/uploads\/2023\/09\/kanto-green-1024x344.jpeg 1024w, https:\/\/kantotila.fi\/wp-content\/uploads\/2023\/09\/kanto-green-300x101.jpeg 300w, https:\/\/kantotila.fi\/wp-content\/uploads\/2023\/09\/kanto-green-768x258.jpeg 768w, https:\/\/kantotila.fi\/wp-content\/uploads\/2023\/09\/kanto-green.jpeg 1170w\" sizes=\"auto, (max-width: 1024px) 100vw, 1024px\" \/><\/figure>\n<\/div>\n\n\n\n<div class=\"wp-block-group alignfull has-global-padding is-layout-constrained wp-block-group-is-layout-constrained\" style=\"margin-top:0px\">\n<figure class=\"wp-block-image alignwide size-full\"><img loading=\"lazy\" decoding=\"async\" width=\"1024\" height=\"768\" src=\"https:\/\/kantotila.fi\/wp-content\/uploads\/2023\/09\/kanto-lihakauppa.jpeg\" alt=\"\" class=\"wp-image-32\" srcset=\"https:\/\/kantotila.fi\/wp-content\/uploads\/2023\/09\/kanto-lihakauppa.jpeg 1024w, https:\/\/kantotila.fi\/wp-content\/uploads\/2023\/09\/kanto-lihakauppa-300x225.jpeg 300w, https:\/\/kantotila.fi\/wp-content\/uploads\/2023\/09\/kanto-lihakauppa-768x576.jpeg 768w\" sizes=\"auto, (max-width: 1024px) 100vw, 1024px\" \/><\/figure>\n<\/div>\n\n\n\n<div class=\"wp-block-group alignwide has-global-padding is-layout-constrained wp-container-core-group-is-layout-af886014 wp-block-group-is-layout-constrained\" style=\"padding-top:var(--wp--preset--spacing--40);padding-bottom:var(--wp--preset--spacing--40)\">\n<h1 class=\"wp-block-heading\">Kanto-tilan lihakauppa<\/h1>\n\n\n\n<p>Ruohoruokitun karjan laatulihaa P\u00e4ij\u00e4t-H\u00e4meest\u00e4.<\/p>\n\n\n\n<p><strong>Kaikki lihat ovat t\u00e4ll\u00e4 hetkell\u00e4 loppuunmyyty. Avaamme tilaukset my\u00f6hemmin uudelleen!<\/strong><\/p>\n\n\n\n<p>Seuraa tilannetta sosiaalisessa mediassa.<\/p>\n<\/div>\n\n\n\n<div class=\"wp-block-group has-global-padding is-layout-constrained wp-block-group-is-layout-constrained\" style=\"padding-top:var(--wp--preset--spacing--60);padding-bottom:var(--wp--preset--spacing--60)\">\n<p class=\"has-text-align-center\"><a href=\"https:\/\/www.instagram.com\/kanto.tila\/\" target=\"_blank\" rel=\"noreferrer noopener\">Kantotila Instagram<\/a><\/p>\n\n\n\n<p class=\"has-text-align-center\">kantotila@gmail.com<\/p>\n<\/div>\n","protected":false},"excerpt":{"rendered":"<p>Kanto-tilan lihakauppa Ruohoruokitun karjan laatulihaa P\u00e4ij\u00e4t-H\u00e4meest\u00e4. Kaikki lihat ovat t\u00e4ll\u00e4 hetkell\u00e4 loppuunmyyty. Avaamme tilaukset my\u00f6hemmin uudelleen! Seuraa tilannetta sosiaalisessa mediassa. Kantotila Instagram kantotila@gmail.com<\/p>\n","protected":false},"author":1,"featured_media":0,"parent":0,"menu_order":0,"comment_status":"closed","ping_status":"open","template":"blank","meta":{"footnotes":""},"class_list":["post-2","page","type-page","status-publish","hentry"],"yoast_head":"<!-- This site is optimized with the Yoast SEO plugin v21.6 - https:\/\/yoast.com\/wordpress\/plugins\/seo\/ -->\n<title>Kanto-tila - Ruohoruokittua laatulihaa<\/title>\n<meta name=\"description\" content=\"Ruohoruokitun karjan laatulihaa P\u00e4ij\u00e4t-H\u00e4meest\u00e4. Tilaa haluamasi tuotteet ja nouda Teurastamon Kotitilalta Helsingist\u00e4.\" \/>\n<meta name=\"robots\" content=\"index, follow, max-snippet:-1, max-image-preview:large, max-video-preview:-1\" \/>\n<link rel=\"canonical\" href=\"https:\/\/kantotila.fi\/\" \/>\n<meta property=\"og:locale\" content=\"fi_FI\" \/>\n<meta property=\"og:type\" content=\"article\" \/>\n<meta property=\"og:title\" content=\"Kanto-tila - Ruohoruokittua laatulihaa\" \/>\n<meta property=\"og:description\" content=\"Ruohoruokitun karjan laatulihaa P\u00e4ij\u00e4t-H\u00e4meest\u00e4. Tilaa haluamasi tuotteet ja nouda Teurastamon Kotitilalta Helsingist\u00e4.\" \/>\n<meta property=\"og:url\" content=\"https:\/\/kantotila.fi\/\" \/>\n<meta property=\"og:site_name\" content=\"Kantotila\" \/>\n<meta property=\"article:modified_time\" content=\"2024-09-11T10:13:04+00:00\" \/>\n<meta property=\"og:image\" content=\"https:\/\/kantotila.fi\/wp-content\/uploads\/2023\/09\/kanto-social.png\" \/>\n\t<meta property=\"og:image:width\" content=\"1200\" \/>\n\t<meta property=\"og:image:height\" content=\"630\" \/>\n\t<meta property=\"og:image:type\" content=\"image\/png\" \/>\n<meta name=\"twitter:card\" content=\"summary_large_image\" \/>\n<meta name=\"twitter:label1\" content=\"Arvioitu lukuaika\" \/>\n\t<meta name=\"twitter:data1\" content=\"1 minuutti\" \/>\n<script type=\"application\/ld+json\" class=\"yoast-schema-graph\">{\"@context\":\"https:\/\/schema.org\",\"@graph\":[{\"@type\":\"WebPage\",\"@id\":\"https:\/\/kantotila.fi\/\",\"url\":\"https:\/\/kantotila.fi\/\",\"name\":\"Kanto-tila - Ruohoruokittua laatulihaa\",\"isPartOf\":{\"@id\":\"https:\/\/kantotila.fi\/#website\"},\"datePublished\":\"2023-09-11T20:18:30+00:00\",\"dateModified\":\"2024-09-11T10:13:04+00:00\",\"description\":\"Ruohoruokitun karjan laatulihaa P\u00e4ij\u00e4t-H\u00e4meest\u00e4. Tilaa haluamasi tuotteet ja nouda Teurastamon Kotitilalta Helsingist\u00e4.\",\"breadcrumb\":{\"@id\":\"https:\/\/kantotila.fi\/#breadcrumb\"},\"inLanguage\":\"fi\",\"potentialAction\":[{\"@type\":\"ReadAction\",\"target\":[\"https:\/\/kantotila.fi\/\"]}]},{\"@type\":\"BreadcrumbList\",\"@id\":\"https:\/\/kantotila.fi\/#breadcrumb\",\"itemListElement\":[{\"@type\":\"ListItem\",\"position\":1,\"name\":\"Etusivu\",\"item\":\"https:\/\/kantotila.fi\/\"},{\"@type\":\"ListItem\",\"position\":2,\"name\":\"Kanto-tila\"}]},{\"@type\":\"WebSite\",\"@id\":\"https:\/\/kantotila.fi\/#website\",\"url\":\"https:\/\/kantotila.fi\/\",\"name\":\"Kantotila\",\"description\":\"Ruohoruokittua laatulihaa\",\"potentialAction\":[{\"@type\":\"SearchAction\",\"target\":{\"@type\":\"EntryPoint\",\"urlTemplate\":\"https:\/\/kantotila.fi\/?s={search_term_string}\"},\"query-input\":\"required name=search_term_string\"}],\"inLanguage\":\"fi\"}]}<\/script>\n<!-- \/ Yoast SEO plugin. -->","yoast_head_json":{"title":"Kanto-tila - Ruohoruokittua laatulihaa","description":"Ruohoruokitun karjan laatulihaa P\u00e4ij\u00e4t-H\u00e4meest\u00e4. Tilaa haluamasi tuotteet ja nouda Teurastamon Kotitilalta Helsingist\u00e4.","robots":{"index":"index","follow":"follow","max-snippet":"max-snippet:-1","max-image-preview":"max-image-preview:large","max-video-preview":"max-video-preview:-1"},"canonical":"https:\/\/kantotila.fi\/","og_locale":"fi_FI","og_type":"article","og_title":"Kanto-tila - Ruohoruokittua laatulihaa","og_description":"Ruohoruokitun karjan laatulihaa P\u00e4ij\u00e4t-H\u00e4meest\u00e4. Tilaa haluamasi tuotteet ja nouda Teurastamon Kotitilalta Helsingist\u00e4.","og_url":"https:\/\/kantotila.fi\/","og_site_name":"Kantotila","article_modified_time":"2024-09-11T10:13:04+00:00","og_image":[{"width":1200,"height":630,"url":"https:\/\/kantotila.fi\/wp-content\/uploads\/2023\/09\/kanto-social.png","type":"image\/png"}],"twitter_card":"summary_large_image","twitter_misc":{"Arvioitu lukuaika":"1 minuutti"},"schema":{"@context":"https:\/\/schema.org","@graph":[{"@type":"WebPage","@id":"https:\/\/kantotila.fi\/","url":"https:\/\/kantotila.fi\/","name":"Kanto-tila - Ruohoruokittua laatulihaa","isPartOf":{"@id":"https:\/\/kantotila.fi\/#website"},"datePublished":"2023-09-11T20:18:30+00:00","dateModified":"2024-09-11T10:13:04+00:00","description":"Ruohoruokitun karjan laatulihaa P\u00e4ij\u00e4t-H\u00e4meest\u00e4. Tilaa haluamasi tuotteet ja nouda Teurastamon Kotitilalta Helsingist\u00e4.","breadcrumb":{"@id":"https:\/\/kantotila.fi\/#breadcrumb"},"inLanguage":"fi","potentialAction":[{"@type":"ReadAction","target":["https:\/\/kantotila.fi\/"]}]},{"@type":"BreadcrumbList","@id":"https:\/\/kantotila.fi\/#breadcrumb","itemListElement":[{"@type":"ListItem","position":1,"name":"Etusivu","item":"https:\/\/kantotila.fi\/"},{"@type":"ListItem","position":2,"name":"Kanto-tila"}]},{"@type":"WebSite","@id":"https:\/\/kantotila.fi\/#website","url":"https:\/\/kantotila.fi\/","name":"Kantotila","description":"Ruohoruokittua laatulihaa","potentialAction":[{"@type":"SearchAction","target":{"@type":"EntryPoint","urlTemplate":"https:\/\/kantotila.fi\/?s={search_term_string}"},"query-input":"required name=search_term_string"}],"inLanguage":"fi"}]}},"_links":{"self":[{"href":"https:\/\/kantotila.fi\/index.php?rest_route=\/wp\/v2\/pages\/2","targetHints":{"allow":["GET"]}}],"collection":[{"href":"https:\/\/kantotila.fi\/index.php?rest_route=\/wp\/v2\/pages"}],"about":[{"href":"https:\/\/kantotila.fi\/index.php?rest_route=\/wp\/v2\/types\/page"}],"author":[{"embeddable":true,"href":"https:\/\/kantotila.fi\/index.php?rest_route=\/wp\/v2\/users\/1"}],"replies":[{"embeddable":true,"href":"https:\/\/kantotila.fi\/index.php?rest_route=%2Fwp%2Fv2%2Fcomments&post=2"}],"version-history":[{"count":47,"href":"https:\/\/kantotila.fi\/index.php?rest_route=\/wp\/v2\/pages\/2\/revisions"}],"predecessor-version":[{"id":105,"href":"https:\/\/kantotila.fi\/index.php?rest_route=\/wp\/v2\/pages\/2\/revisions\/105"}],"wp:attachment":[{"href":"https:\/\/kantotila.fi\/index.php?rest_route=%2Fwp%2Fv2%2Fmedia&parent=2"}],"curies":[{"name":"wp","href":"https:\/\/api.w.org\/{rel}","templated":true}]}}